{"id":2243,"date":"2024-06-30T11:45:44","date_gmt":"2024-06-30T09:45:44","guid":{"rendered":"https:\/\/masdelasabatera.com\/?post_type=product&#038;p=2243"},"modified":"2025-12-24T13:10:55","modified_gmt":"2025-12-24T12:10:55","slug":"ou-mama-copia","status":"publish","type":"product","link":"https:\/\/masdelasabatera.com\/es\/botiga\/encara-no-es\/ou-mama-copia\/","title":{"rendered":"Resili\u00e8ncia"},"content":{"rendered":"<h3><span style=\"color: #ff693f;\">Cosecha 2024<\/span><\/h3>\n<p>Variedad: 100% Cabernet Sauvignon<br \/>\nAlcohol: 14,5%<br \/>\nProducci\u00f3n: 1.100 botellas<\/p>\n<h3><span style=\"color: #ff693f;\">Vi\u00f1edo<\/span><\/h3>\n<p>41\u00b022&#8217;38.1&#8243;N 1\u00b012&#8217;39.2&#8243;E<br \/>\nSuelo: Arcilla\/Calc\u00e1reo<br \/>\nVendimia: cosechado a mano<br \/>\nAltura: 420 m.<\/p>\n<h3><span style=\"color: #ff693f;\">Vinificaci\u00f3n<\/span><\/h3>\n<p>Levadura aut\u00f3ctona<br \/>\n9 meses en botas de roble franc\u00e9s<br \/>\nSin sulfitos y sin filtrar ni clarificar<\/p>\n<p><img decoding=\"async\" class=\"alignnone wp-image-2256\" src=\"https:\/\/masdelasabatera.com\/wp-content\/uploads\/2025\/12\/logo-encarano-msabatera-scaled.png\" alt=\"\" width=\"83\" height=\"44\" srcset=\"https:\/\/masdelasabatera.com\/wp-content\/uploads\/2025\/12\/logo-encarano-msabatera-scaled.png 2560w, https:\/\/masdelasabatera.com\/wp-content\/uploads\/2025\/12\/logo-encarano-msabatera-300x158.png 300w, https:\/\/masdelasabatera.com\/wp-content\/uploads\/2025\/12\/logo-encarano-msabatera-1024x539.png 1024w, https:\/\/masdelasabatera.com\/wp-content\/uploads\/2025\/12\/logo-encarano-msabatera-768x405.png 768w, https:\/\/masdelasabatera.com\/wp-content\/uploads\/2025\/12\/logo-encarano-msabatera-1536x809.png 1536w, https:\/\/masdelasabatera.com\/wp-content\/uploads\/2025\/12\/logo-encarano-msabatera-2048x1079.png 2048w, https:\/\/masdelasabatera.com\/wp-content\/uploads\/2025\/12\/logo-encarano-msabatera-800x421.png 800w\" sizes=\"(max-width: 83px) 100vw, 83px\" \/>   <img decoding=\"async\" class=\"alignnone wp-image-404\" src=\"https:\/\/masdelasabatera.com\/wp-content\/uploads\/2024\/07\/logo-vinyataires-lliures-300x208.png\" alt=\"\" width=\"87\" height=\"60\" srcset=\"https:\/\/masdelasabatera.com\/wp-content\/uploads\/2024\/07\/logo-vinyataires-lliures-300x208.png 300w, https:\/\/masdelasabatera.com\/wp-content\/uploads\/2024\/07\/logo-vinyataires-lliures.png 600w\" sizes=\"(max-width: 87px) 100vw, 87px\" \/><\/p>\n","protected":false},"excerpt":{"rendered":"<p><strong>Botella de vino <em>Resili\u00e8ncia<\/em><\/strong><\/p>\n<p>[r\u0259.zi.\u026bi\u02c8\u025bn.si.\u0259]<br \/>\n(Del lat.resiliens,-ntis) <em>f<\/em>.<\/p>\n<p class=\"p1\">1. Capacidad de adaptaci\u00f3n de un ser vivo ante un agente perturbador o un estado o situaci\u00f3n adverso.<\/p>\n<p>2. Capacidad de supervivencia, resistencia y victoria ante d\u00e9cadas de viticultura tradicional, sequ\u00eda y cantidades de uva reducidas.<\/p>\n<p>3. Capacidad de entender que todo pasa y que una vi\u00f1a vieja, que resto de pie, es capaz de hacer el mejor vino, puesto que sus ra\u00edces son las m\u00e1s profundas.<\/p>\n","protected":false},"featured_media":2246,"template":"","meta":[],"product_brand":[],"product_cat":[64],"product_tag":[],"class_list":{"0":"post-2243","1":"product","2":"type-product","3":"status-publish","4":"has-post-thumbnail","6":"product_cat-encara-no-es","8":"first","9":"instock","10":"shipping-taxable","11":"purchasable","12":"product-type-simple"},"yoast_head":"<!-- This site is optimized with the Yoast SEO plugin v27.2 - https:\/\/yoast.com\/product\/yoast-seo-wordpress\/ -->\n<title>Resili\u00e8ncia - Mas de la Sabatera<\/title>\n<meta name=\"robots\" content=\"index, follow, max-snippet:-1, max-image-preview:large, max-video-preview:-1\" \/>\n<link rel=\"canonical\" href=\"https:\/\/masdelasabatera.com\/es\/botiga\/encara-no-es\/ou-mama-copia\/\" \/>\n<meta property=\"og:locale\" content=\"es_ES\" \/>\n<meta property=\"og:type\" content=\"article\" \/>\n<meta property=\"og:title\" content=\"Resili\u00e8ncia - Mas de la Sabatera\" \/>\n<meta property=\"og:description\" content=\"Botella de vino Resili\u00e8ncia [r\u0259.zi.\u026bi\u02c8\u025bn.si.\u0259] (Del lat.resiliens,-ntis) f. 1. Capacidad de adaptaci\u00f3n de un ser vivo ante un agente perturbador o un estado o situaci\u00f3n adverso. 2. Capacidad de supervivencia, resistencia y victoria ante d\u00e9cadas de viticultura tradicional, sequ\u00eda y cantidades de uva reducidas. 3. Capacidad de entender que todo pasa y que una vi\u00f1a vieja, que resto de pie, es capaz de hacer el mejor vino, puesto que sus ra\u00edces son las m\u00e1s profundas.\" \/>\n<meta property=\"og:url\" content=\"https:\/\/masdelasabatera.com\/es\/botiga\/encara-no-es\/ou-mama-copia\/\" \/>\n<meta property=\"og:site_name\" content=\"Mas de la Sabatera\" \/>\n<meta property=\"article:modified_time\" content=\"2025-12-24T12:10:55+00:00\" \/>\n<meta property=\"og:image\" content=\"https:\/\/masdelasabatera.com\/wp-content\/uploads\/2025\/12\/vins-resiliencia-01_ft-scaled.jpg\" \/>\n\t<meta property=\"og:image:width\" content=\"2560\" \/>\n\t<meta property=\"og:image:height\" content=\"2560\" \/>\n\t<meta property=\"og:image:type\" content=\"image\/jpeg\" \/>\n<meta name=\"twitter:card\" content=\"summary_large_image\" \/>\n<script type=\"application\/ld+json\" class=\"yoast-schema-graph\">{\"@context\":\"https:\/\/schema.org\",\"@graph\":[{\"@type\":\"WebPage\",\"@id\":\"https:\/\/masdelasabatera.com\/es\/botiga\/encara-no-es\/ou-mama-copia\/\",\"url\":\"https:\/\/masdelasabatera.com\/es\/botiga\/encara-no-es\/ou-mama-copia\/\",\"name\":\"Resili\u00e8ncia - Mas de la Sabatera\",\"isPartOf\":{\"@id\":\"https:\/\/masdelasabatera.com\/es\/#website\"},\"primaryImageOfPage\":{\"@id\":\"https:\/\/masdelasabatera.com\/es\/botiga\/encara-no-es\/ou-mama-copia\/#primaryimage\"},\"image\":{\"@id\":\"https:\/\/masdelasabatera.com\/es\/botiga\/encara-no-es\/ou-mama-copia\/#primaryimage\"},\"thumbnailUrl\":\"https:\/\/masdelasabatera.com\/wp-content\/uploads\/2025\/12\/vins-resiliencia-01_ft-scaled.jpg\",\"datePublished\":\"2024-06-30T09:45:44+00:00\",\"dateModified\":\"2025-12-24T12:10:55+00:00\",\"breadcrumb\":{\"@id\":\"https:\/\/masdelasabatera.com\/es\/botiga\/encara-no-es\/ou-mama-copia\/#breadcrumb\"},\"inLanguage\":\"es\",\"potentialAction\":[{\"@type\":\"ReadAction\",\"target\":[\"https:\/\/masdelasabatera.com\/es\/botiga\/encara-no-es\/ou-mama-copia\/\"]}]},{\"@type\":\"ImageObject\",\"inLanguage\":\"es\",\"@id\":\"https:\/\/masdelasabatera.com\/es\/botiga\/encara-no-es\/ou-mama-copia\/#primaryimage\",\"url\":\"https:\/\/masdelasabatera.com\/wp-content\/uploads\/2025\/12\/vins-resiliencia-01_ft-scaled.jpg\",\"contentUrl\":\"https:\/\/masdelasabatera.com\/wp-content\/uploads\/2025\/12\/vins-resiliencia-01_ft-scaled.jpg\",\"width\":2560,\"height\":2560},{\"@type\":\"BreadcrumbList\",\"@id\":\"https:\/\/masdelasabatera.com\/es\/botiga\/encara-no-es\/ou-mama-copia\/#breadcrumb\",\"itemListElement\":[{\"@type\":\"ListItem\",\"position\":1,\"name\":\"Inici\",\"item\":\"https:\/\/masdelasabatera.com\/es\/mas-de-la-sabatera\/\"},{\"@type\":\"ListItem\",\"position\":2,\"name\":\"Productos\",\"item\":\"https:\/\/masdelasabatera.com\/es\/shop\/\"},{\"@type\":\"ListItem\",\"position\":3,\"name\":\"Resili\u00e8ncia\"}]},{\"@type\":\"WebSite\",\"@id\":\"https:\/\/masdelasabatera.com\/es\/#website\",\"url\":\"https:\/\/masdelasabatera.com\/es\/\",\"name\":\"Mas de la Sabatera\",\"description\":\"\",\"publisher\":{\"@id\":\"https:\/\/masdelasabatera.com\/es\/#organization\"},\"potentialAction\":[{\"@type\":\"SearchAction\",\"target\":{\"@type\":\"EntryPoint\",\"urlTemplate\":\"https:\/\/masdelasabatera.com\/es\/?s={search_term_string}\"},\"query-input\":{\"@type\":\"PropertyValueSpecification\",\"valueRequired\":true,\"valueName\":\"search_term_string\"}}],\"inLanguage\":\"es\"},{\"@type\":\"Organization\",\"@id\":\"https:\/\/masdelasabatera.com\/es\/#organization\",\"name\":\"Mas de la Sabatera\",\"url\":\"https:\/\/masdelasabatera.com\/es\/\",\"logo\":{\"@type\":\"ImageObject\",\"inLanguage\":\"es\",\"@id\":\"https:\/\/masdelasabatera.com\/es\/#\/schema\/logo\/image\/\",\"url\":\"https:\/\/masdelasabatera.com\/wp-content\/uploads\/2024\/02\/logo-mas-sabatera-copa-torre.png\",\"contentUrl\":\"https:\/\/masdelasabatera.com\/wp-content\/uploads\/2024\/02\/logo-mas-sabatera-copa-torre.png\",\"width\":800,\"height\":1049,\"caption\":\"Mas de la Sabatera\"},\"image\":{\"@id\":\"https:\/\/masdelasabatera.com\/es\/#\/schema\/logo\/image\/\"}}]}<\/script>\n<!-- \/ Yoast SEO plugin. -->","yoast_head_json":{"title":"Resili\u00e8ncia - Mas de la Sabatera","robots":{"index":"index","follow":"follow","max-snippet":"max-snippet:-1","max-image-preview":"max-image-preview:large","max-video-preview":"max-video-preview:-1"},"canonical":"https:\/\/masdelasabatera.com\/es\/botiga\/encara-no-es\/ou-mama-copia\/","og_locale":"es_ES","og_type":"article","og_title":"Resili\u00e8ncia - Mas de la Sabatera","og_description":"Botella de vino Resili\u00e8ncia [r\u0259.zi.\u026bi\u02c8\u025bn.si.\u0259] (Del lat.resiliens,-ntis) f. 1. Capacidad de adaptaci\u00f3n de un ser vivo ante un agente perturbador o un estado o situaci\u00f3n adverso. 2. Capacidad de supervivencia, resistencia y victoria ante d\u00e9cadas de viticultura tradicional, sequ\u00eda y cantidades de uva reducidas. 3. Capacidad de entender que todo pasa y que una vi\u00f1a vieja, que resto de pie, es capaz de hacer el mejor vino, puesto que sus ra\u00edces son las m\u00e1s profundas.","og_url":"https:\/\/masdelasabatera.com\/es\/botiga\/encara-no-es\/ou-mama-copia\/","og_site_name":"Mas de la Sabatera","article_modified_time":"2025-12-24T12:10:55+00:00","og_image":[{"width":2560,"height":2560,"url":"https:\/\/masdelasabatera.com\/wp-content\/uploads\/2025\/12\/vins-resiliencia-01_ft-scaled.jpg","type":"image\/jpeg"}],"twitter_card":"summary_large_image","schema":{"@context":"https:\/\/schema.org","@graph":[{"@type":"WebPage","@id":"https:\/\/masdelasabatera.com\/es\/botiga\/encara-no-es\/ou-mama-copia\/","url":"https:\/\/masdelasabatera.com\/es\/botiga\/encara-no-es\/ou-mama-copia\/","name":"Resili\u00e8ncia - Mas de la Sabatera","isPartOf":{"@id":"https:\/\/masdelasabatera.com\/es\/#website"},"primaryImageOfPage":{"@id":"https:\/\/masdelasabatera.com\/es\/botiga\/encara-no-es\/ou-mama-copia\/#primaryimage"},"image":{"@id":"https:\/\/masdelasabatera.com\/es\/botiga\/encara-no-es\/ou-mama-copia\/#primaryimage"},"thumbnailUrl":"https:\/\/masdelasabatera.com\/wp-content\/uploads\/2025\/12\/vins-resiliencia-01_ft-scaled.jpg","datePublished":"2024-06-30T09:45:44+00:00","dateModified":"2025-12-24T12:10:55+00:00","breadcrumb":{"@id":"https:\/\/masdelasabatera.com\/es\/botiga\/encara-no-es\/ou-mama-copia\/#breadcrumb"},"inLanguage":"es","potentialAction":[{"@type":"ReadAction","target":["https:\/\/masdelasabatera.com\/es\/botiga\/encara-no-es\/ou-mama-copia\/"]}]},{"@type":"ImageObject","inLanguage":"es","@id":"https:\/\/masdelasabatera.com\/es\/botiga\/encara-no-es\/ou-mama-copia\/#primaryimage","url":"https:\/\/masdelasabatera.com\/wp-content\/uploads\/2025\/12\/vins-resiliencia-01_ft-scaled.jpg","contentUrl":"https:\/\/masdelasabatera.com\/wp-content\/uploads\/2025\/12\/vins-resiliencia-01_ft-scaled.jpg","width":2560,"height":2560},{"@type":"BreadcrumbList","@id":"https:\/\/masdelasabatera.com\/es\/botiga\/encara-no-es\/ou-mama-copia\/#breadcrumb","itemListElement":[{"@type":"ListItem","position":1,"name":"Inici","item":"https:\/\/masdelasabatera.com\/es\/mas-de-la-sabatera\/"},{"@type":"ListItem","position":2,"name":"Productos","item":"https:\/\/masdelasabatera.com\/es\/shop\/"},{"@type":"ListItem","position":3,"name":"Resili\u00e8ncia"}]},{"@type":"WebSite","@id":"https:\/\/masdelasabatera.com\/es\/#website","url":"https:\/\/masdelasabatera.com\/es\/","name":"Mas de la Sabatera","description":"","publisher":{"@id":"https:\/\/masdelasabatera.com\/es\/#organization"},"potentialAction":[{"@type":"SearchAction","target":{"@type":"EntryPoint","urlTemplate":"https:\/\/masdelasabatera.com\/es\/?s={search_term_string}"},"query-input":{"@type":"PropertyValueSpecification","valueRequired":true,"valueName":"search_term_string"}}],"inLanguage":"es"},{"@type":"Organization","@id":"https:\/\/masdelasabatera.com\/es\/#organization","name":"Mas de la Sabatera","url":"https:\/\/masdelasabatera.com\/es\/","logo":{"@type":"ImageObject","inLanguage":"es","@id":"https:\/\/masdelasabatera.com\/es\/#\/schema\/logo\/image\/","url":"https:\/\/masdelasabatera.com\/wp-content\/uploads\/2024\/02\/logo-mas-sabatera-copa-torre.png","contentUrl":"https:\/\/masdelasabatera.com\/wp-content\/uploads\/2024\/02\/logo-mas-sabatera-copa-torre.png","width":800,"height":1049,"caption":"Mas de la Sabatera"},"image":{"@id":"https:\/\/masdelasabatera.com\/es\/#\/schema\/logo\/image\/"}}]}},"_links":{"self":[{"href":"https:\/\/masdelasabatera.com\/es\/wp-json\/wp\/v2\/product\/2243","targetHints":{"allow":["GET"]}}],"collection":[{"href":"https:\/\/masdelasabatera.com\/es\/wp-json\/wp\/v2\/product"}],"about":[{"href":"https:\/\/masdelasabatera.com\/es\/wp-json\/wp\/v2\/types\/product"}],"wp:featuredmedia":[{"embeddable":true,"href":"https:\/\/masdelasabatera.com\/es\/wp-json\/wp\/v2\/media\/2246"}],"wp:attachment":[{"href":"https:\/\/masdelasabatera.com\/es\/wp-json\/wp\/v2\/media?parent=2243"}],"wp:term":[{"taxonomy":"product_brand","embeddable":true,"href":"https:\/\/masdelasabatera.com\/es\/wp-json\/wp\/v2\/product_brand?post=2243"},{"taxonomy":"product_cat","embeddable":true,"href":"https:\/\/masdelasabatera.com\/es\/wp-json\/wp\/v2\/product_cat?post=2243"},{"taxonomy":"product_tag","embeddable":true,"href":"https:\/\/masdelasabatera.com\/es\/wp-json\/wp\/v2\/product_tag?post=2243"}],"curies":[{"name":"wp","href":"https:\/\/api.w.org\/{rel}","templated":true}]}}