{"id":1201,"date":"2024-07-15T18:35:28","date_gmt":"2024-07-15T16:35:28","guid":{"rendered":"https:\/\/masdelasabatera.com\/la-masia\/"},"modified":"2024-10-10T12:09:07","modified_gmt":"2024-10-10T10:09:07","slug":"la-masia","status":"publish","type":"page","link":"https:\/\/masdelasabatera.com\/es\/la-masia\/","title":{"rendered":"La mas\u00eda"},"content":{"rendered":"\t\t<div data-elementor-type=\"wp-page\" data-elementor-id=\"1201\" class=\"elementor elementor-1201 elementor-284\" data-elementor-post-type=\"page\">\n\t\t\t\t<div class=\"elementor-element elementor-element-3024042 e-con-full e-flex e-con e-parent\" data-id=\"3024042\" data-element_type=\"container\" data-e-type=\"container\">\n\t\t<div class=\"elementor-element elementor-element-f4ddc6d e-con-full e-flex e-con e-child\" data-id=\"f4ddc6d\" data-element_type=\"container\" data-e-type=\"container\">\n\t\t\t\t<div class=\"elementor-element elementor-element-66003b4 elementor-widget elementor-widget-heading\" data-id=\"66003b4\" data-element_type=\"widget\" data-e-type=\"widget\" data-widget_type=\"heading.default\">\n\t\t\t\t<div class=\"elementor-widget-container\">\n\t\t\t\t\t<h2 class=\"elementor-heading-title elementor-size-default\">La mas\u00eda<\/h2>\t\t\t\t<\/div>\n\t\t\t\t<\/div>\n\t\t\t\t<div class=\"elementor-element elementor-element-d69c688 elementor-widget elementor-widget-heading\" data-id=\"d69c688\" data-element_type=\"widget\" data-e-type=\"widget\" data-widget_type=\"heading.default\">\n\t\t\t\t<div class=\"elementor-widget-container\">\n\t\t\t\t\t<h2 class=\"elementor-heading-title elementor-size-default\">Or\u00edgenes<\/h2>\t\t\t\t<\/div>\n\t\t\t\t<\/div>\n\t\t\t\t<\/div>\n\t\t\t\t<\/div>\n\t\t<div class=\"elementor-element elementor-element-9125fb4 e-flex e-con-boxed e-con e-parent\" data-id=\"9125fb4\" data-element_type=\"container\" data-e-type=\"container\">\n\t\t\t\t\t<div class=\"e-con-inner\">\n\t\t\t\t<div class=\"elementor-element elementor-element-a309d61 elementor-widget__width-inherit elementor-widget elementor-widget-text-editor\" data-id=\"a309d61\" data-element_type=\"widget\" data-e-type=\"widget\" data-widget_type=\"text-editor.default\">\n\t\t\t\t<div class=\"elementor-widget-container\">\n\t\t\t\t\t\t\t\t\t<p>Los origines de Mas de la Sabatera se encuentran en el siglo XV, coincidiendo entonces con la nueva ubicaci\u00f3n de los habitantes de Prenafeta justo a los pies de la monta\u00f1a del Tossal Gros.<\/p>\n\t\t\t\t\t\t\t\t<\/div>\n\t\t\t\t<\/div>\n\t\t\t\t\t<\/div>\n\t\t\t\t<\/div>\n\t\t<div class=\"elementor-element elementor-element-2c485c6 e-flex e-con-boxed e-con e-parent\" data-id=\"2c485c6\" data-element_type=\"container\" data-e-type=\"container\">\n\t\t\t\t\t<div class=\"e-con-inner\">\n\t\t\t\t<div class=\"elementor-element elementor-element-a157767 elementor-widget__width-initial elementor-widget elementor-widget-text-editor\" data-id=\"a157767\" data-element_type=\"widget\" data-e-type=\"widget\" data-widget_type=\"text-editor.default\">\n\t\t\t\t<div class=\"elementor-widget-container\">\n\t\t\t\t\t\t\t\t\t<p>Formalmente conocido como Mas d\u2019en Sabater, han vivido y trabajado durante siglos jornaleros, masoveros, pastores y agricultores. Todos los residentes han vivido de la tierra que rodea la mas\u00eda, de la elaboraci\u00f3n de aceite de oliva, a la ganader\u00eda y la vinificaci\u00f3n. <\/p>\n\t\t\t\t\t\t\t\t<\/div>\n\t\t\t\t<\/div>\n\t\t\t\t<div class=\"elementor-element elementor-element-e76f926 elementor-widget__width-initial elementor-widget elementor-widget-image\" data-id=\"e76f926\" data-element_type=\"widget\" data-e-type=\"widget\" data-widget_type=\"image.default\">\n\t\t\t\t<div class=\"elementor-widget-container\">\n\t\t\t\t\t\t\t\t\t\t\t\t\t\t\t<img fetchpriority=\"high\" decoding=\"async\" width=\"398\" height=\"346\" src=\"https:\/\/masdelasabatera.com\/wp-content\/uploads\/2024\/08\/historia-mas-sabatera-09.jpg\" class=\"attachment-full size-full wp-image-982\" alt=\"\" srcset=\"https:\/\/masdelasabatera.com\/wp-content\/uploads\/2024\/08\/historia-mas-sabatera-09.jpg 398w, https:\/\/masdelasabatera.com\/wp-content\/uploads\/2024\/08\/historia-mas-sabatera-09-300x261.jpg 300w\" sizes=\"(max-width: 398px) 100vw, 398px\" \/>\t\t\t\t\t\t\t\t\t\t\t\t\t\t\t<\/div>\n\t\t\t\t<\/div>\n\t\t\t\t<div class=\"elementor-element elementor-element-08c467b elementor-widget__width-initial elementor-widget-laptop__width-initial elementor-widget elementor-widget-image\" data-id=\"08c467b\" data-element_type=\"widget\" data-e-type=\"widget\" data-widget_type=\"image.default\">\n\t\t\t\t<div class=\"elementor-widget-container\">\n\t\t\t\t\t\t\t\t\t\t\t\t\t\t\t<img decoding=\"async\" width=\"384\" height=\"366\" src=\"https:\/\/masdelasabatera.com\/wp-content\/uploads\/2024\/08\/historia-mas-sabatera-10.jpg\" class=\"attachment-full size-full wp-image-984\" alt=\"\" srcset=\"https:\/\/masdelasabatera.com\/wp-content\/uploads\/2024\/08\/historia-mas-sabatera-10.jpg 384w, https:\/\/masdelasabatera.com\/wp-content\/uploads\/2024\/08\/historia-mas-sabatera-10-300x286.jpg 300w\" sizes=\"(max-width: 384px) 100vw, 384px\" \/>\t\t\t\t\t\t\t\t\t\t\t\t\t\t\t<\/div>\n\t\t\t\t<\/div>\n\t\t\t\t\t<\/div>\n\t\t\t\t<\/div>\n\t\t<div class=\"elementor-element elementor-element-d10d484 e-flex e-con-boxed e-con e-parent\" data-id=\"d10d484\" data-element_type=\"container\" data-e-type=\"container\">\n\t\t\t\t\t<div class=\"e-con-inner\">\n\t\t\t\t<div class=\"elementor-element elementor-element-c207ba5 elementor-widget elementor-widget-image\" data-id=\"c207ba5\" data-element_type=\"widget\" data-e-type=\"widget\" data-widget_type=\"image.default\">\n\t\t\t\t<div class=\"elementor-widget-container\">\n\t\t\t\t\t\t\t\t\t\t\t\t\t\t\t<img decoding=\"async\" width=\"2200\" height=\"1467\" src=\"https:\/\/masdelasabatera.com\/wp-content\/uploads\/2024\/08\/historia-mas-sabatera-05.jpg\" class=\"attachment-full size-full wp-image-974\" alt=\"\" srcset=\"https:\/\/masdelasabatera.com\/wp-content\/uploads\/2024\/08\/historia-mas-sabatera-05.jpg 2200w, https:\/\/masdelasabatera.com\/wp-content\/uploads\/2024\/08\/historia-mas-sabatera-05-300x200.jpg 300w, https:\/\/masdelasabatera.com\/wp-content\/uploads\/2024\/08\/historia-mas-sabatera-05-1024x683.jpg 1024w, https:\/\/masdelasabatera.com\/wp-content\/uploads\/2024\/08\/historia-mas-sabatera-05-768x512.jpg 768w, https:\/\/masdelasabatera.com\/wp-content\/uploads\/2024\/08\/historia-mas-sabatera-05-1536x1024.jpg 1536w, https:\/\/masdelasabatera.com\/wp-content\/uploads\/2024\/08\/historia-mas-sabatera-05-2048x1366.jpg 2048w, https:\/\/masdelasabatera.com\/wp-content\/uploads\/2024\/08\/historia-mas-sabatera-05-800x533.jpg 800w\" sizes=\"(max-width: 2200px) 100vw, 2200px\" \/>\t\t\t\t\t\t\t\t\t\t\t\t\t\t\t<\/div>\n\t\t\t\t<\/div>\n\t\t\t\t\t<\/div>\n\t\t\t\t<\/div>\n\t\t<div class=\"elementor-element elementor-element-7f95693 e-con-full e-flex e-con e-parent\" data-id=\"7f95693\" data-element_type=\"container\" data-e-type=\"container\">\n\t\t\t\t<div class=\"elementor-element elementor-element-d890e0d elementor-widget elementor-widget-image\" data-id=\"d890e0d\" data-element_type=\"widget\" data-e-type=\"widget\" data-widget_type=\"image.default\">\n\t\t\t\t<div class=\"elementor-widget-container\">\n\t\t\t\t\t\t\t\t\t\t\t\t\t\t\t<img loading=\"lazy\" decoding=\"async\" width=\"800\" height=\"1200\" src=\"https:\/\/masdelasabatera.com\/wp-content\/uploads\/2024\/08\/historia-mas-sabatera-12.jpg\" class=\"attachment-full size-full wp-image-988\" alt=\"\" srcset=\"https:\/\/masdelasabatera.com\/wp-content\/uploads\/2024\/08\/historia-mas-sabatera-12.jpg 800w, https:\/\/masdelasabatera.com\/wp-content\/uploads\/2024\/08\/historia-mas-sabatera-12-200x300.jpg 200w, https:\/\/masdelasabatera.com\/wp-content\/uploads\/2024\/08\/historia-mas-sabatera-12-683x1024.jpg 683w, https:\/\/masdelasabatera.com\/wp-content\/uploads\/2024\/08\/historia-mas-sabatera-12-768x1152.jpg 768w\" sizes=\"(max-width: 800px) 100vw, 800px\" \/>\t\t\t\t\t\t\t\t\t\t\t\t\t\t\t<\/div>\n\t\t\t\t<\/div>\n\t\t\t\t<div class=\"elementor-element elementor-element-26f819e elementor-widget elementor-widget-image\" data-id=\"26f819e\" data-element_type=\"widget\" data-e-type=\"widget\" data-widget_type=\"image.default\">\n\t\t\t\t<div class=\"elementor-widget-container\">\n\t\t\t\t\t\t\t\t\t\t\t\t\t\t\t<img loading=\"lazy\" decoding=\"async\" width=\"800\" height=\"1200\" src=\"https:\/\/masdelasabatera.com\/wp-content\/uploads\/2024\/08\/historia-mas-sabatera-11.jpg\" class=\"attachment-full size-full wp-image-986\" alt=\"\" srcset=\"https:\/\/masdelasabatera.com\/wp-content\/uploads\/2024\/08\/historia-mas-sabatera-11.jpg 800w, https:\/\/masdelasabatera.com\/wp-content\/uploads\/2024\/08\/historia-mas-sabatera-11-200x300.jpg 200w, https:\/\/masdelasabatera.com\/wp-content\/uploads\/2024\/08\/historia-mas-sabatera-11-683x1024.jpg 683w, https:\/\/masdelasabatera.com\/wp-content\/uploads\/2024\/08\/historia-mas-sabatera-11-768x1152.jpg 768w\" sizes=\"(max-width: 800px) 100vw, 800px\" \/>\t\t\t\t\t\t\t\t\t\t\t\t\t\t\t<\/div>\n\t\t\t\t<\/div>\n\t\t\t\t<div class=\"elementor-element elementor-element-4a2d65c elementor-widget elementor-widget-image\" data-id=\"4a2d65c\" data-element_type=\"widget\" data-e-type=\"widget\" data-widget_type=\"image.default\">\n\t\t\t\t<div class=\"elementor-widget-container\">\n\t\t\t\t\t\t\t\t\t\t\t\t\t\t\t<img loading=\"lazy\" decoding=\"async\" width=\"800\" height=\"1200\" src=\"https:\/\/masdelasabatera.com\/wp-content\/uploads\/2024\/08\/historia-mas-sabatera-04.jpg\" class=\"attachment-full size-full wp-image-972\" alt=\"\" srcset=\"https:\/\/masdelasabatera.com\/wp-content\/uploads\/2024\/08\/historia-mas-sabatera-04.jpg 800w, https:\/\/masdelasabatera.com\/wp-content\/uploads\/2024\/08\/historia-mas-sabatera-04-200x300.jpg 200w, https:\/\/masdelasabatera.com\/wp-content\/uploads\/2024\/08\/historia-mas-sabatera-04-683x1024.jpg 683w, https:\/\/masdelasabatera.com\/wp-content\/uploads\/2024\/08\/historia-mas-sabatera-04-768x1152.jpg 768w\" sizes=\"(max-width: 800px) 100vw, 800px\" \/>\t\t\t\t\t\t\t\t\t\t\t\t\t\t\t<\/div>\n\t\t\t\t<\/div>\n\t\t\t\t<\/div>\n\t\t<div class=\"elementor-element elementor-element-7ed9c8a e-flex e-con-boxed e-con e-parent\" data-id=\"7ed9c8a\" data-element_type=\"container\" data-e-type=\"container\">\n\t\t\t\t\t<div class=\"e-con-inner\">\n\t\t\t\t<div class=\"elementor-element elementor-element-56db8b8 elementor-widget__width-inherit elementor-widget elementor-widget-text-editor\" data-id=\"56db8b8\" data-element_type=\"widget\" data-e-type=\"widget\" data-widget_type=\"text-editor.default\">\n\t\t\t\t<div class=\"elementor-widget-container\">\n\t\t\t\t\t\t\t\t\t<p>Despu\u00e9s de haber sido abandonado a mediados y finales del siglo XX, cuando s\u00f3lo se buscaba trabajo de puertas a fuera, hoy nos encontramos recuperando poco a poco todo aquello de puertas adentro.<\/p>\n\t\t\t\t\t\t\t\t<\/div>\n\t\t\t\t<\/div>\n\t\t\t\t\t<\/div>\n\t\t\t\t<\/div>\n\t\t<div class=\"elementor-element elementor-element-8205b24 e-flex e-con-boxed e-con e-parent\" data-id=\"8205b24\" data-element_type=\"container\" data-e-type=\"container\">\n\t\t\t\t\t<div class=\"e-con-inner\">\n\t\t\t\t<div class=\"elementor-element elementor-element-134a190 elementor-widget__width-inherit elementor-widget elementor-widget-text-editor\" data-id=\"134a190\" data-element_type=\"widget\" data-e-type=\"widget\" data-widget_type=\"text-editor.default\">\n\t\t\t\t<div class=\"elementor-widget-container\">\n\t\t\t\t\t\t\t\t\t<p>\u201cLa recuperaci\u00f3n de esta mas\u00eda es el mejor acto de amor y respeto hacia nuestra herencia y hacia esta tierra\u201d<\/p>\n\t\t\t\t\t\t\t\t<\/div>\n\t\t\t\t<\/div>\n\t\t\t\t\t<\/div>\n\t\t\t\t<\/div>\n\t\t<div class=\"elementor-element elementor-element-ca3623c e-flex e-con-boxed e-con e-parent\" data-id=\"ca3623c\" data-element_type=\"container\" data-e-type=\"container\">\n\t\t\t\t\t<div class=\"e-con-inner\">\n\t\t\t\t<div class=\"elementor-element elementor-element-438b068 elementor-widget elementor-widget-image\" data-id=\"438b068\" data-element_type=\"widget\" data-e-type=\"widget\" data-widget_type=\"image.default\">\n\t\t\t\t<div class=\"elementor-widget-container\">\n\t\t\t\t\t\t\t\t\t\t\t\t\t\t\t<img loading=\"lazy\" decoding=\"async\" width=\"800\" height=\"1200\" src=\"https:\/\/masdelasabatera.com\/wp-content\/uploads\/2024\/08\/historia-mas-sabatera-08.jpg\" class=\"attachment-full size-full wp-image-980\" alt=\"\" srcset=\"https:\/\/masdelasabatera.com\/wp-content\/uploads\/2024\/08\/historia-mas-sabatera-08.jpg 800w, https:\/\/masdelasabatera.com\/wp-content\/uploads\/2024\/08\/historia-mas-sabatera-08-200x300.jpg 200w, https:\/\/masdelasabatera.com\/wp-content\/uploads\/2024\/08\/historia-mas-sabatera-08-683x1024.jpg 683w, https:\/\/masdelasabatera.com\/wp-content\/uploads\/2024\/08\/historia-mas-sabatera-08-768x1152.jpg 768w\" sizes=\"(max-width: 800px) 100vw, 800px\" \/>\t\t\t\t\t\t\t\t\t\t\t\t\t\t\t<\/div>\n\t\t\t\t<\/div>\n\t\t\t\t<div class=\"elementor-element elementor-element-741d2c3 elementor-widget elementor-widget-image\" data-id=\"741d2c3\" data-element_type=\"widget\" data-e-type=\"widget\" data-widget_type=\"image.default\">\n\t\t\t\t<div class=\"elementor-widget-container\">\n\t\t\t\t\t\t\t\t\t\t\t\t\t\t\t<img loading=\"lazy\" decoding=\"async\" width=\"1200\" height=\"800\" src=\"https:\/\/masdelasabatera.com\/wp-content\/uploads\/2024\/08\/historia-mas-sabatera-03.jpg\" class=\"attachment-full size-full wp-image-970\" alt=\"\" srcset=\"https:\/\/masdelasabatera.com\/wp-content\/uploads\/2024\/08\/historia-mas-sabatera-03.jpg 1200w, https:\/\/masdelasabatera.com\/wp-content\/uploads\/2024\/08\/historia-mas-sabatera-03-300x200.jpg 300w, https:\/\/masdelasabatera.com\/wp-content\/uploads\/2024\/08\/historia-mas-sabatera-03-1024x683.jpg 1024w, https:\/\/masdelasabatera.com\/wp-content\/uploads\/2024\/08\/historia-mas-sabatera-03-768x512.jpg 768w, https:\/\/masdelasabatera.com\/wp-content\/uploads\/2024\/08\/historia-mas-sabatera-03-800x533.jpg 800w\" sizes=\"(max-width: 1200px) 100vw, 1200px\" \/>\t\t\t\t\t\t\t\t\t\t\t\t\t\t\t<\/div>\n\t\t\t\t<\/div>\n\t\t\t\t\t<\/div>\n\t\t\t\t<\/div>\n\t\t<div class=\"elementor-element elementor-element-4e34d1f e-flex e-con-boxed e-con e-parent\" data-id=\"4e34d1f\" data-element_type=\"container\" data-e-type=\"container\">\n\t\t\t\t\t<div class=\"e-con-inner\">\n\t\t\t\t<div class=\"elementor-element elementor-element-0f4801f elementor-widget elementor-widget-image\" data-id=\"0f4801f\" data-element_type=\"widget\" data-e-type=\"widget\" data-widget_type=\"image.default\">\n\t\t\t\t<div class=\"elementor-widget-container\">\n\t\t\t\t\t\t\t\t\t\t\t\t\t\t\t<img loading=\"lazy\" decoding=\"async\" width=\"1200\" height=\"800\" src=\"https:\/\/masdelasabatera.com\/wp-content\/uploads\/2024\/08\/historia-mas-sabatera-01.jpg\" class=\"attachment-full size-full wp-image-966\" alt=\"\" srcset=\"https:\/\/masdelasabatera.com\/wp-content\/uploads\/2024\/08\/historia-mas-sabatera-01.jpg 1200w, https:\/\/masdelasabatera.com\/wp-content\/uploads\/2024\/08\/historia-mas-sabatera-01-300x200.jpg 300w, https:\/\/masdelasabatera.com\/wp-content\/uploads\/2024\/08\/historia-mas-sabatera-01-1024x683.jpg 1024w, https:\/\/masdelasabatera.com\/wp-content\/uploads\/2024\/08\/historia-mas-sabatera-01-768x512.jpg 768w, https:\/\/masdelasabatera.com\/wp-content\/uploads\/2024\/08\/historia-mas-sabatera-01-800x533.jpg 800w\" sizes=\"(max-width: 1200px) 100vw, 1200px\" \/>\t\t\t\t\t\t\t\t\t\t\t\t\t\t\t<\/div>\n\t\t\t\t<\/div>\n\t\t\t\t\t<\/div>\n\t\t\t\t<\/div>\n\t\t\t\t<\/div>\n\t\t","protected":false},"excerpt":{"rendered":"<p>La mas\u00eda Or\u00edgenes Los origines de Mas de la Sabatera se encuentran en el siglo XV, coincidiendo entonces con la nueva ubicaci\u00f3n de los habitantes de Prenafeta justo a los pies de la monta\u00f1a del Tossal Gros. Formalmente conocido como Mas d\u2019en Sabater, han vivido y trabajado durante siglos jornaleros, masoveros, pastores y agricultores. Todos [&hellip;]<\/p>\n","protected":false},"author":2,"featured_media":0,"parent":0,"menu_order":0,"comment_status":"closed","ping_status":"closed","template":"elementor_header_footer","meta":{"footnotes":""},"class_list":["post-1201","page","type-page","status-publish","hentry"],"yoast_head":"<!-- This site is optimized with the Yoast SEO plugin v27.2 - https:\/\/yoast.com\/product\/yoast-seo-wordpress\/ -->\n<title>La mas\u00eda - Mas de la Sabatera<\/title>\n<meta name=\"robots\" content=\"index, follow, max-snippet:-1, max-image-preview:large, max-video-preview:-1\" \/>\n<link rel=\"canonical\" href=\"https:\/\/masdelasabatera.com\/es\/la-masia\/\" \/>\n<meta property=\"og:locale\" content=\"es_ES\" \/>\n<meta property=\"og:type\" content=\"article\" \/>\n<meta property=\"og:title\" content=\"La mas\u00eda - Mas de la Sabatera\" \/>\n<meta property=\"og:description\" content=\"La mas\u00eda Or\u00edgenes Los origines de Mas de la Sabatera se encuentran en el siglo XV, coincidiendo entonces con la nueva ubicaci\u00f3n de los habitantes de Prenafeta justo a los pies de la monta\u00f1a del Tossal Gros. Formalmente conocido como Mas d\u2019en Sabater, han vivido y trabajado durante siglos jornaleros, masoveros, pastores y agricultores. Todos [&hellip;]\" \/>\n<meta property=\"og:url\" content=\"https:\/\/masdelasabatera.com\/es\/la-masia\/\" \/>\n<meta property=\"og:site_name\" content=\"Mas de la Sabatera\" \/>\n<meta property=\"article:modified_time\" content=\"2024-10-10T10:09:07+00:00\" \/>\n<meta property=\"og:image\" content=\"https:\/\/masdelasabatera.com\/wp-content\/uploads\/2024\/08\/historia-mas-sabatera-09.jpg\" \/>\n\t<meta property=\"og:image:width\" content=\"398\" \/>\n\t<meta property=\"og:image:height\" content=\"346\" \/>\n\t<meta property=\"og:image:type\" content=\"image\/jpeg\" \/>\n<meta name=\"twitter:card\" content=\"summary_large_image\" \/>\n<meta name=\"twitter:label1\" content=\"Tiempo de lectura\" \/>\n\t<meta name=\"twitter:data1\" content=\"1 minuto\" \/>\n<script type=\"application\/ld+json\" class=\"yoast-schema-graph\">{\"@context\":\"https:\/\/schema.org\",\"@graph\":[{\"@type\":\"WebPage\",\"@id\":\"https:\/\/masdelasabatera.com\/es\/la-masia\/\",\"url\":\"https:\/\/masdelasabatera.com\/es\/la-masia\/\",\"name\":\"La mas\u00eda - Mas de la Sabatera\",\"isPartOf\":{\"@id\":\"https:\/\/masdelasabatera.com\/es\/#website\"},\"primaryImageOfPage\":{\"@id\":\"https:\/\/masdelasabatera.com\/es\/la-masia\/#primaryimage\"},\"image\":{\"@id\":\"https:\/\/masdelasabatera.com\/es\/la-masia\/#primaryimage\"},\"thumbnailUrl\":\"https:\/\/masdelasabatera.com\/wp-content\/uploads\/2024\/08\/historia-mas-sabatera-09.jpg\",\"datePublished\":\"2024-07-15T16:35:28+00:00\",\"dateModified\":\"2024-10-10T10:09:07+00:00\",\"breadcrumb\":{\"@id\":\"https:\/\/masdelasabatera.com\/es\/la-masia\/#breadcrumb\"},\"inLanguage\":\"es\",\"potentialAction\":[{\"@type\":\"ReadAction\",\"target\":[\"https:\/\/masdelasabatera.com\/es\/la-masia\/\"]}]},{\"@type\":\"ImageObject\",\"inLanguage\":\"es\",\"@id\":\"https:\/\/masdelasabatera.com\/es\/la-masia\/#primaryimage\",\"url\":\"https:\/\/masdelasabatera.com\/wp-content\/uploads\/2024\/08\/historia-mas-sabatera-09.jpg\",\"contentUrl\":\"https:\/\/masdelasabatera.com\/wp-content\/uploads\/2024\/08\/historia-mas-sabatera-09.jpg\"},{\"@type\":\"BreadcrumbList\",\"@id\":\"https:\/\/masdelasabatera.com\/es\/la-masia\/#breadcrumb\",\"itemListElement\":[{\"@type\":\"ListItem\",\"position\":1,\"name\":\"Inici\",\"item\":\"https:\/\/masdelasabatera.com\/es\/mas-de-la-sabatera\/\"},{\"@type\":\"ListItem\",\"position\":2,\"name\":\"La mas\u00eda\"}]},{\"@type\":\"WebSite\",\"@id\":\"https:\/\/masdelasabatera.com\/es\/#website\",\"url\":\"https:\/\/masdelasabatera.com\/es\/\",\"name\":\"Mas de la Sabatera\",\"description\":\"\",\"publisher\":{\"@id\":\"https:\/\/masdelasabatera.com\/es\/#organization\"},\"potentialAction\":[{\"@type\":\"SearchAction\",\"target\":{\"@type\":\"EntryPoint\",\"urlTemplate\":\"https:\/\/masdelasabatera.com\/es\/?s={search_term_string}\"},\"query-input\":{\"@type\":\"PropertyValueSpecification\",\"valueRequired\":true,\"valueName\":\"search_term_string\"}}],\"inLanguage\":\"es\"},{\"@type\":\"Organization\",\"@id\":\"https:\/\/masdelasabatera.com\/es\/#organization\",\"name\":\"Mas de la Sabatera\",\"url\":\"https:\/\/masdelasabatera.com\/es\/\",\"logo\":{\"@type\":\"ImageObject\",\"inLanguage\":\"es\",\"@id\":\"https:\/\/masdelasabatera.com\/es\/#\/schema\/logo\/image\/\",\"url\":\"https:\/\/masdelasabatera.com\/wp-content\/uploads\/2024\/02\/logo-mas-sabatera-copa-torre.png\",\"contentUrl\":\"https:\/\/masdelasabatera.com\/wp-content\/uploads\/2024\/02\/logo-mas-sabatera-copa-torre.png\",\"width\":800,\"height\":1049,\"caption\":\"Mas de la Sabatera\"},\"image\":{\"@id\":\"https:\/\/masdelasabatera.com\/es\/#\/schema\/logo\/image\/\"}}]}<\/script>\n<!-- \/ Yoast SEO plugin. -->","yoast_head_json":{"title":"La mas\u00eda - Mas de la Sabatera","robots":{"index":"index","follow":"follow","max-snippet":"max-snippet:-1","max-image-preview":"max-image-preview:large","max-video-preview":"max-video-preview:-1"},"canonical":"https:\/\/masdelasabatera.com\/es\/la-masia\/","og_locale":"es_ES","og_type":"article","og_title":"La mas\u00eda - Mas de la Sabatera","og_description":"La mas\u00eda Or\u00edgenes Los origines de Mas de la Sabatera se encuentran en el siglo XV, coincidiendo entonces con la nueva ubicaci\u00f3n de los habitantes de Prenafeta justo a los pies de la monta\u00f1a del Tossal Gros. Formalmente conocido como Mas d\u2019en Sabater, han vivido y trabajado durante siglos jornaleros, masoveros, pastores y agricultores. Todos [&hellip;]","og_url":"https:\/\/masdelasabatera.com\/es\/la-masia\/","og_site_name":"Mas de la Sabatera","article_modified_time":"2024-10-10T10:09:07+00:00","og_image":[{"width":398,"height":346,"url":"https:\/\/masdelasabatera.com\/wp-content\/uploads\/2024\/08\/historia-mas-sabatera-09.jpg","type":"image\/jpeg"}],"twitter_card":"summary_large_image","twitter_misc":{"Tiempo de lectura":"1 minuto"},"schema":{"@context":"https:\/\/schema.org","@graph":[{"@type":"WebPage","@id":"https:\/\/masdelasabatera.com\/es\/la-masia\/","url":"https:\/\/masdelasabatera.com\/es\/la-masia\/","name":"La mas\u00eda - Mas de la Sabatera","isPartOf":{"@id":"https:\/\/masdelasabatera.com\/es\/#website"},"primaryImageOfPage":{"@id":"https:\/\/masdelasabatera.com\/es\/la-masia\/#primaryimage"},"image":{"@id":"https:\/\/masdelasabatera.com\/es\/la-masia\/#primaryimage"},"thumbnailUrl":"https:\/\/masdelasabatera.com\/wp-content\/uploads\/2024\/08\/historia-mas-sabatera-09.jpg","datePublished":"2024-07-15T16:35:28+00:00","dateModified":"2024-10-10T10:09:07+00:00","breadcrumb":{"@id":"https:\/\/masdelasabatera.com\/es\/la-masia\/#breadcrumb"},"inLanguage":"es","potentialAction":[{"@type":"ReadAction","target":["https:\/\/masdelasabatera.com\/es\/la-masia\/"]}]},{"@type":"ImageObject","inLanguage":"es","@id":"https:\/\/masdelasabatera.com\/es\/la-masia\/#primaryimage","url":"https:\/\/masdelasabatera.com\/wp-content\/uploads\/2024\/08\/historia-mas-sabatera-09.jpg","contentUrl":"https:\/\/masdelasabatera.com\/wp-content\/uploads\/2024\/08\/historia-mas-sabatera-09.jpg"},{"@type":"BreadcrumbList","@id":"https:\/\/masdelasabatera.com\/es\/la-masia\/#breadcrumb","itemListElement":[{"@type":"ListItem","position":1,"name":"Inici","item":"https:\/\/masdelasabatera.com\/es\/mas-de-la-sabatera\/"},{"@type":"ListItem","position":2,"name":"La mas\u00eda"}]},{"@type":"WebSite","@id":"https:\/\/masdelasabatera.com\/es\/#website","url":"https:\/\/masdelasabatera.com\/es\/","name":"Mas de la Sabatera","description":"","publisher":{"@id":"https:\/\/masdelasabatera.com\/es\/#organization"},"potentialAction":[{"@type":"SearchAction","target":{"@type":"EntryPoint","urlTemplate":"https:\/\/masdelasabatera.com\/es\/?s={search_term_string}"},"query-input":{"@type":"PropertyValueSpecification","valueRequired":true,"valueName":"search_term_string"}}],"inLanguage":"es"},{"@type":"Organization","@id":"https:\/\/masdelasabatera.com\/es\/#organization","name":"Mas de la Sabatera","url":"https:\/\/masdelasabatera.com\/es\/","logo":{"@type":"ImageObject","inLanguage":"es","@id":"https:\/\/masdelasabatera.com\/es\/#\/schema\/logo\/image\/","url":"https:\/\/masdelasabatera.com\/wp-content\/uploads\/2024\/02\/logo-mas-sabatera-copa-torre.png","contentUrl":"https:\/\/masdelasabatera.com\/wp-content\/uploads\/2024\/02\/logo-mas-sabatera-copa-torre.png","width":800,"height":1049,"caption":"Mas de la Sabatera"},"image":{"@id":"https:\/\/masdelasabatera.com\/es\/#\/schema\/logo\/image\/"}}]}},"_links":{"self":[{"href":"https:\/\/masdelasabatera.com\/es\/wp-json\/wp\/v2\/pages\/1201","targetHints":{"allow":["GET"]}}],"collection":[{"href":"https:\/\/masdelasabatera.com\/es\/wp-json\/wp\/v2\/pages"}],"about":[{"href":"https:\/\/masdelasabatera.com\/es\/wp-json\/wp\/v2\/types\/page"}],"author":[{"embeddable":true,"href":"https:\/\/masdelasabatera.com\/es\/wp-json\/wp\/v2\/users\/2"}],"replies":[{"embeddable":true,"href":"https:\/\/masdelasabatera.com\/es\/wp-json\/wp\/v2\/comments?post=1201"}],"version-history":[{"count":1,"href":"https:\/\/masdelasabatera.com\/es\/wp-json\/wp\/v2\/pages\/1201\/revisions"}],"predecessor-version":[{"id":1202,"href":"https:\/\/masdelasabatera.com\/es\/wp-json\/wp\/v2\/pages\/1201\/revisions\/1202"}],"wp:attachment":[{"href":"https:\/\/masdelasabatera.com\/es\/wp-json\/wp\/v2\/media?parent=1201"}],"curies":[{"name":"wp","href":"https:\/\/api.w.org\/{rel}","templated":true}]}}